{"id":154,"date":"2025-10-07T15:44:55","date_gmt":"2025-10-07T15:44:55","guid":{"rendered":"https:\/\/kinhnghiemlamviec.com\/?page_id=154"},"modified":"2025-10-07T15:44:59","modified_gmt":"2025-10-07T15:44:59","slug":"tools","status":"publish","type":"page","link":"https:\/\/kinhnghiemlamviec.com\/index.php\/tools\/","title":{"rendered":"Tools"},"content":{"rendered":"\n<p>N\u01a1i ch\u1ee9a c\u00e1c c\u00f4ng c\u1ee5 t\u1ef1 ph\u00e1t tri\u1ec3n \u0111\u1ec3 ph\u1ee5c v\u1ee5 c\u00f4ng vi\u1ec7c v\u00e0 h\u1ecdc t\u1eadp<\/p>\n","protected":false},"excerpt":{"rendered":"<p>N\u01a1i ch\u1ee9a c\u00e1c c\u00f4ng c\u1ee5 t\u1ef1 ph\u00e1t tri\u1ec3n \u0111\u1ec3 ph\u1ee5c v\u1ee5 c\u00f4ng vi\u1ec7c v\u00e0 h\u1ecdc t\u1eadp<\/p>\n","protected":false},"author":1,"featured_media":0,"parent":0,"menu_order":0,"comment_status":"closed","ping_status":"closed","template":"","meta":{"footnotes":""},"class_list":["post-154","page","type-page","status-publish","hentry"],"yoast_head":"<!-- This site is optimized with the Yoast SEO plugin v27.4 - https:\/\/yoast.com\/product\/yoast-seo-wordpress\/ -->\n<title>Tools - Kinh Nghi\u1ec7m L\u00e0m Vi\u1ec7c<\/title>\n<meta name=\"robots\" content=\"index, follow, max-snippet:-1, max-image-preview:large, max-video-preview:-1\" \/>\n<link rel=\"canonical\" href=\"https:\/\/kinhnghiemlamviec.com\/index.php\/tools\/\" \/>\n<meta property=\"og:locale\" content=\"vi_VN\" \/>\n<meta property=\"og:type\" content=\"article\" \/>\n<meta property=\"og:title\" content=\"Tools - Kinh Nghi\u1ec7m L\u00e0m Vi\u1ec7c\" \/>\n<meta property=\"og:description\" content=\"N\u01a1i ch\u1ee9a c\u00e1c c\u00f4ng c\u1ee5 t\u1ef1 ph\u00e1t tri\u1ec3n \u0111\u1ec3 ph\u1ee5c v\u1ee5 c\u00f4ng vi\u1ec7c v\u00e0 h\u1ecdc t\u1eadp\" \/>\n<meta property=\"og:url\" content=\"https:\/\/kinhnghiemlamviec.com\/index.php\/tools\/\" \/>\n<meta property=\"og:site_name\" content=\"Kinh Nghi\u1ec7m L\u00e0m Vi\u1ec7c\" \/>\n<meta property=\"article:modified_time\" content=\"2025-10-07T15:44:59+00:00\" \/>\n<meta name=\"twitter:card\" content=\"summary_large_image\" \/>\n<meta name=\"twitter:label1\" content=\"\u01af\u1edbc t\u00ednh th\u1eddi gian \u0111\u1ecdc\" \/>\n\t<meta name=\"twitter:data1\" content=\"1 ph\u00fat\" \/>\n<script type=\"application\/ld+json\" class=\"yoast-schema-graph\">{\"@context\":\"https:\\\/\\\/schema.org\",\"@graph\":[{\"@type\":\"WebPage\",\"@id\":\"https:\\\/\\\/kinhnghiemlamviec.com\\\/index.php\\\/tools\\\/\",\"url\":\"https:\\\/\\\/kinhnghiemlamviec.com\\\/index.php\\\/tools\\\/\",\"name\":\"Tools - Kinh Nghi\u1ec7m L\u00e0m Vi\u1ec7c\",\"isPartOf\":{\"@id\":\"https:\\\/\\\/kinhnghiemlamviec.com\\\/#website\"},\"datePublished\":\"2025-10-07T15:44:55+00:00\",\"dateModified\":\"2025-10-07T15:44:59+00:00\",\"breadcrumb\":{\"@id\":\"https:\\\/\\\/kinhnghiemlamviec.com\\\/index.php\\\/tools\\\/#breadcrumb\"},\"inLanguage\":\"vi\",\"potentialAction\":[{\"@type\":\"ReadAction\",\"target\":[\"https:\\\/\\\/kinhnghiemlamviec.com\\\/index.php\\\/tools\\\/\"]}]},{\"@type\":\"BreadcrumbList\",\"@id\":\"https:\\\/\\\/kinhnghiemlamviec.com\\\/index.php\\\/tools\\\/#breadcrumb\",\"itemListElement\":[{\"@type\":\"ListItem\",\"position\":1,\"name\":\"Trang ch\u1ee7\",\"item\":\"https:\\\/\\\/kinhnghiemlamviec.com\\\/\"},{\"@type\":\"ListItem\",\"position\":2,\"name\":\"Tools\"}]},{\"@type\":\"WebSite\",\"@id\":\"https:\\\/\\\/kinhnghiemlamviec.com\\\/#website\",\"url\":\"https:\\\/\\\/kinhnghiemlamviec.com\\\/\",\"name\":\"Kinh Nghi\u1ec7m L\u00e0m Vi\u1ec7c\",\"description\":\"Kinh nghi\u1ec7m l\u00e0m vi\u1ec7c \u0111\u01b0\u1ee3c chia s\u1ebd trong qu\u00e1 tr\u00ecnh l\u00e0m vi\u1ec7c th\u1ef1c t\u1ebf\",\"potentialAction\":[{\"@type\":\"SearchAction\",\"target\":{\"@type\":\"EntryPoint\",\"urlTemplate\":\"https:\\\/\\\/kinhnghiemlamviec.com\\\/?s={search_term_string}\"},\"query-input\":{\"@type\":\"PropertyValueSpecification\",\"valueRequired\":true,\"valueName\":\"search_term_string\"}}],\"inLanguage\":\"vi\"}]}<\/script>\n<!-- \/ Yoast SEO plugin. -->","yoast_head_json":{"title":"Tools - Kinh Nghi\u1ec7m L\u00e0m Vi\u1ec7c","robots":{"index":"index","follow":"follow","max-snippet":"max-snippet:-1","max-image-preview":"max-image-preview:large","max-video-preview":"max-video-preview:-1"},"canonical":"https:\/\/kinhnghiemlamviec.com\/index.php\/tools\/","og_locale":"vi_VN","og_type":"article","og_title":"Tools - Kinh Nghi\u1ec7m L\u00e0m Vi\u1ec7c","og_description":"N\u01a1i ch\u1ee9a c\u00e1c c\u00f4ng c\u1ee5 t\u1ef1 ph\u00e1t tri\u1ec3n \u0111\u1ec3 ph\u1ee5c v\u1ee5 c\u00f4ng vi\u1ec7c v\u00e0 h\u1ecdc t\u1eadp","og_url":"https:\/\/kinhnghiemlamviec.com\/index.php\/tools\/","og_site_name":"Kinh Nghi\u1ec7m L\u00e0m Vi\u1ec7c","article_modified_time":"2025-10-07T15:44:59+00:00","twitter_card":"summary_large_image","twitter_misc":{"\u01af\u1edbc t\u00ednh th\u1eddi gian \u0111\u1ecdc":"1 ph\u00fat"},"schema":{"@context":"https:\/\/schema.org","@graph":[{"@type":"WebPage","@id":"https:\/\/kinhnghiemlamviec.com\/index.php\/tools\/","url":"https:\/\/kinhnghiemlamviec.com\/index.php\/tools\/","name":"Tools - Kinh Nghi\u1ec7m L\u00e0m Vi\u1ec7c","isPartOf":{"@id":"https:\/\/kinhnghiemlamviec.com\/#website"},"datePublished":"2025-10-07T15:44:55+00:00","dateModified":"2025-10-07T15:44:59+00:00","breadcrumb":{"@id":"https:\/\/kinhnghiemlamviec.com\/index.php\/tools\/#breadcrumb"},"inLanguage":"vi","potentialAction":[{"@type":"ReadAction","target":["https:\/\/kinhnghiemlamviec.com\/index.php\/tools\/"]}]},{"@type":"BreadcrumbList","@id":"https:\/\/kinhnghiemlamviec.com\/index.php\/tools\/#breadcrumb","itemListElement":[{"@type":"ListItem","position":1,"name":"Trang ch\u1ee7","item":"https:\/\/kinhnghiemlamviec.com\/"},{"@type":"ListItem","position":2,"name":"Tools"}]},{"@type":"WebSite","@id":"https:\/\/kinhnghiemlamviec.com\/#website","url":"https:\/\/kinhnghiemlamviec.com\/","name":"Kinh Nghi\u1ec7m L\u00e0m Vi\u1ec7c","description":"Kinh nghi\u1ec7m l\u00e0m vi\u1ec7c \u0111\u01b0\u1ee3c chia s\u1ebd trong qu\u00e1 tr\u00ecnh l\u00e0m vi\u1ec7c th\u1ef1c t\u1ebf","potentialAction":[{"@type":"SearchAction","target":{"@type":"EntryPoint","urlTemplate":"https:\/\/kinhnghiemlamviec.com\/?s={search_term_string}"},"query-input":{"@type":"PropertyValueSpecification","valueRequired":true,"valueName":"search_term_string"}}],"inLanguage":"vi"}]}},"_links":{"self":[{"href":"https:\/\/kinhnghiemlamviec.com\/index.php\/wp-json\/wp\/v2\/pages\/154","targetHints":{"allow":["GET"]}}],"collection":[{"href":"https:\/\/kinhnghiemlamviec.com\/index.php\/wp-json\/wp\/v2\/pages"}],"about":[{"href":"https:\/\/kinhnghiemlamviec.com\/index.php\/wp-json\/wp\/v2\/types\/page"}],"author":[{"embeddable":true,"href":"https:\/\/kinhnghiemlamviec.com\/index.php\/wp-json\/wp\/v2\/users\/1"}],"replies":[{"embeddable":true,"href":"https:\/\/kinhnghiemlamviec.com\/index.php\/wp-json\/wp\/v2\/comments?post=154"}],"version-history":[{"count":1,"href":"https:\/\/kinhnghiemlamviec.com\/index.php\/wp-json\/wp\/v2\/pages\/154\/revisions"}],"predecessor-version":[{"id":155,"href":"https:\/\/kinhnghiemlamviec.com\/index.php\/wp-json\/wp\/v2\/pages\/154\/revisions\/155"}],"wp:attachment":[{"href":"https:\/\/kinhnghiemlamviec.com\/index.php\/wp-json\/wp\/v2\/media?parent=154"}],"curies":[{"name":"wp","href":"https:\/\/api.w.org\/{rel}","templated":true}]}}